{"id":6,"date":"2019-03-31T13:01:31","date_gmt":"2019-03-31T11:01:31","guid":{"rendered":"http:\/\/cassandra-carrier-psychologue.fr\/?page_id=6"},"modified":"2019-03-31T18:28:45","modified_gmt":"2019-03-31T16:28:45","slug":"accueil","status":"publish","type":"page","link":"https:\/\/www.cassandra-carrier-psychologue.fr\/","title":{"rendered":"Bienvenue"},"content":{"rendered":"<p style=\"text-align: center;\">Psychologue clinicienne \u00e0 Ronchin, je propose un accompagnement psychoth\u00e9rapique pour les enfants, les adolescents et les adultes au sein du cabinet pluridisciplinaire (m\u00e9decin, sage-femme, ost\u00e9opathe et sophrologue) du Clos du Bel Air.<\/p>\n<p style=\"text-align: center;\">Attach\u00e9e aux valeurs d\u00e9ontologiques et \u00e9thiques, j&rsquo;accorde une importance particuli\u00e8re au secret professionnel, \u00e0 l&rsquo;\u00e9coute et \u00e0 la neutralit\u00e9 bienveillante. Dans un cadre calme et s\u00e9curisant, nous aborderons ensemble les difficult\u00e9s passag\u00e8res ou les souffrances psychiques plus profondes qui ont un impact sur votre vie, que ce soit sur le plan familial, social, scolaire ou professionnel.<\/p>\n<p style=\"text-align: center;\">Chaque patient est re\u00e7u dans sa singularit\u00e9, en tenant compte de son histoire et de sa souffrance. Je propose ainsi des psychoth\u00e9rapies individuelles ou de couples.<\/p>\n","protected":false},"excerpt":{"rendered":"<p>Psychologue clinicienne \u00e0 Ronchin, je propose un accompagnement psychoth\u00e9rapique pour les enfants, les adolescents et les adultes au sein du cabinet pluridisciplinaire (m\u00e9decin, sage-femme, ost\u00e9opathe et sophrologue) du Clos du Bel Air. Attach\u00e9e aux valeurs d\u00e9ontologiques et \u00e9thiques, j&rsquo;accorde une importance particuli\u00e8re au secret professionnel, \u00e0 l&rsquo;\u00e9coute et \u00e0 la neutralit\u00e9 bienveillante. Dans un cadre calme et s\u00e9curisant, nous aborderons ensemble les difficult\u00e9s passag\u00e8res ou les souffrances psychiques plus profondes qui ont un impact sur&hellip; <\/p>\n","protected":false},"author":1,"featured_media":0,"parent":0,"menu_order":0,"comment_status":"closed","ping_status":"closed","template":"","meta":{"footnotes":""},"_links":{"self":[{"href":"https:\/\/www.cassandra-carrier-psychologue.fr\/index.php\/wp-json\/wp\/v2\/pages\/6"}],"collection":[{"href":"https:\/\/www.cassandra-carrier-psychologue.fr\/index.php\/wp-json\/wp\/v2\/pages"}],"about":[{"href":"https:\/\/www.cassandra-carrier-psychologue.fr\/index.php\/wp-json\/wp\/v2\/types\/page"}],"author":[{"embeddable":true,"href":"https:\/\/www.cassandra-carrier-psychologue.fr\/index.php\/wp-json\/wp\/v2\/users\/1"}],"replies":[{"embeddable":true,"href":"https:\/\/www.cassandra-carrier-psychologue.fr\/index.php\/wp-json\/wp\/v2\/comments?post=6"}],"version-history":[{"count":3,"href":"https:\/\/www.cassandra-carrier-psychologue.fr\/index.php\/wp-json\/wp\/v2\/pages\/6\/revisions"}],"predecessor-version":[{"id":118,"href":"https:\/\/www.cassandra-carrier-psychologue.fr\/index.php\/wp-json\/wp\/v2\/pages\/6\/revisions\/118"}],"wp:attachment":[{"href":"https:\/\/www.cassandra-carrier-psychologue.fr\/index.php\/wp-json\/wp\/v2\/media?parent=6"}],"curies":[{"name":"wp","href":"https:\/\/api.w.org\/{rel}","templated":true}]}}