{"id":86,"date":"2019-03-31T17:25:09","date_gmt":"2019-03-31T15:25:09","guid":{"rendered":"https:\/\/www.cassandra-carrier-psychologue.fr\/?page_id=86"},"modified":"2019-05-22T12:22:53","modified_gmt":"2019-05-22T10:22:53","slug":"infos-pratiques","status":"publish","type":"page","link":"https:\/\/www.cassandra-carrier-psychologue.fr\/index.php\/infos-pratiques\/","title":{"rendered":"Infos pratiques"},"content":{"rendered":"\n<p style=\"text-align:center\">Cabinet du Clos du Bel Air<\/p>\n\n\n\n<p style=\"text-align:center\">17 rue du clos du bel air<\/p>\n\n\n\n<p style=\"text-align:center\">59790 Ronchin <\/p>\n\n\n\n<figure><iframe loading=\"lazy\" src=\"https:\/\/www.google.com\/maps\/embed?pb=!1m18!1m12!1m3!1d2532.0228961775315!2d3.0904653159156346!3d50.608112083872676!2m3!1f0!2f0!3f0!3m2!1i1024!2i768!4f13.1!3m3!1m2!1s0x47c2d5d9cc384f57%3A0xf17eebcc83344969!2s17+Rue+du+Clos+du+Bel+air%2C+59790+Ronchin!5e0!3m2!1sfr!2sfr!4v1554057072869!5m2!1sfr!2sfr\" allowfullscreen=\"\" width=\"600\" height=\"450\"><\/iframe><\/figure>\n\n\n\n<p style=\"text-align:center\">Rez-de-chauss\u00e9e <\/p>\n\n\n\n<p style=\"text-align:center\">Acc\u00e8s Handicap\u00e9<\/p>\n\n\n\n<p style=\"text-align:center\">Parking gratuit<br><\/p>\n\n\n\n<p style=\"text-align:left\">Horaires des consultations :<\/p>\n\n\n\n<p>Du lundi au vendredi de 9h30 \u00e0 20h<\/p>\n\n\n\n<p><\/p>\n","protected":false},"excerpt":{"rendered":"<p>Cabinet du Clos du Bel Air 17 rue du clos du bel air 59790 Ronchin Rez-de-chauss\u00e9e Acc\u00e8s Handicap\u00e9 Parking gratuit Horaires des consultations : Du lundi au vendredi de 9h30 \u00e0 20h<\/p>\n","protected":false},"author":1,"featured_media":0,"parent":0,"menu_order":0,"comment_status":"closed","ping_status":"closed","template":"","meta":{"footnotes":""},"_links":{"self":[{"href":"https:\/\/www.cassandra-carrier-psychologue.fr\/index.php\/wp-json\/wp\/v2\/pages\/86"}],"collection":[{"href":"https:\/\/www.cassandra-carrier-psychologue.fr\/index.php\/wp-json\/wp\/v2\/pages"}],"about":[{"href":"https:\/\/www.cassandra-carrier-psychologue.fr\/index.php\/wp-json\/wp\/v2\/types\/page"}],"author":[{"embeddable":true,"href":"https:\/\/www.cassandra-carrier-psychologue.fr\/index.php\/wp-json\/wp\/v2\/users\/1"}],"replies":[{"embeddable":true,"href":"https:\/\/www.cassandra-carrier-psychologue.fr\/index.php\/wp-json\/wp\/v2\/comments?post=86"}],"version-history":[{"count":9,"href":"https:\/\/www.cassandra-carrier-psychologue.fr\/index.php\/wp-json\/wp\/v2\/pages\/86\/revisions"}],"predecessor-version":[{"id":173,"href":"https:\/\/www.cassandra-carrier-psychologue.fr\/index.php\/wp-json\/wp\/v2\/pages\/86\/revisions\/173"}],"wp:attachment":[{"href":"https:\/\/www.cassandra-carrier-psychologue.fr\/index.php\/wp-json\/wp\/v2\/media?parent=86"}],"curies":[{"name":"wp","href":"https:\/\/api.w.org\/{rel}","templated":true}]}}